{"id":13299,"date":"2020-07-30T16:03:28","date_gmt":"2020-07-30T16:03:28","guid":{"rendered":"https:\/\/education.hachette-antoine.com\/%d8%a7%d9%84%d9%85%d9%88%d8%b2%d9%91%d9%90%d8%b9%d9%88%d9%86\/"},"modified":"2020-07-30T16:03:29","modified_gmt":"2020-07-30T16:03:29","slug":"%d8%a7%d9%84%d9%85%d9%88%d8%b2%d9%91%d9%90%d8%b9%d9%88%d9%86","status":"publish","type":"page","link":"https:\/\/education.hachette-antoine.com\/ar\/%d8%a7%d9%84%d9%85%d9%88%d8%b2%d9%91%d9%90%d8%b9%d9%88%d9%86\/","title":{"rendered":"\u0627\u0644\u0645\u0648\u0632\u0651\u0650\u0639\u0648\u0646"},"content":{"rendered":"<p><strong>\u0627\u0644\u062c\u0632\u0627\u0626\u0631<\/strong><br \/>\n<strong>SEDIA &#8211; Soci\u00e9t\u00e9 d&#8217;Edition et de Diffusion Internationale Alg\u00e9rienne<\/strong><br \/>\n\u062d\u064a \u0627\u0644\u0645\u0646\u062f\u0631\u064a\u0646\u060c \u0642\u0637\u0639\u0629 293\u060c \u0627\u0644\u0645\u062d\u0645\u062f\u064a\u0629\u060c \u0627\u0644\u062c\u0632\u0627\u0626\u0631<br \/>\n\u0647\u0627\u062a\u0641: 00 213 770 973 861<br \/>\n\u0641\u0627\u0643\u0633: 00 213 21 219 016<br \/>\n\u0628\u0631\u064a\u062f \u0625\u0644\u0643\u062a\u0631\u0648\u0646\u064a: <a href=\"mailto:aaziez@sedia-dz.com\">aaziez@sedia-dz.com<\/a><br \/>\n\u0645\u0648\u0642\u0639 \u0625\u0644\u0643\u062a\u0631\u0648\u0646\u064a: <a href=\"http:\/\/www.sedia-dz.com\" target=\"_blank\" rel=\"noopener noreferrer\">www.sedia-dz.com<\/a><\/p>\n<p style=\"font-size: 15px; font-style: normal; font-weight: 400;\">\u0645\u0635\u0631 <br \/>\nLes Amis du Livre<br \/>\n27 \u0634\u0627\u0631\u0639 \u0628\u0631\u0643\u0629 \u0627\u0644\u0631\u0637\u0644 \u0627\u0644\u0636\u0627\u0647\u0631<br \/>\n\u0635\u0646\u062f\u0648\u0642 \u0627\u0644\u0628\u0631\u064a\u062f 311 \u0645\u0635\u0631 \u0627\u0644\u062c\u062f\u064a\u062f\u0629\u060c \u0627\u0644\u0642\u0627\u0647\u0631\u0629\u060c \u0645\u0635\u0631<br \/>\n\u0647\u0627\u062a\u0641: 00 20 2 5903932 &#8211; 00 20 2 5918673<br \/>\n\u0647\u0627\u062a\u0641 \/ \u0641\u0627\u0643\u0633: 00 20 2 5903932\u00a0&#8211; 00 20 2 7870443<br \/>\n\u0628\u0631\u064a\u062f \u0625\u0644\u0643\u062a\u0631\u0648\u0646\u064a: <a href=\"mailto:ladl@tedata.net.eg\">ladl@tedata.net.eg<\/a><\/p>\n<p style=\"font-size: 15px; font-style: normal; font-weight: 400;\">\u0627\u0644\u0625\u0645\u0627\u0631\u0627\u062a \u0627\u0644\u0639\u0631\u0628\u064a\u0651\u0629 \u0627\u0644\u0645\u062a\u062d\u062f\u0629<br \/>\nCulture&amp;Co Bookstores<br \/>\n\u0627\u0644\u0646\u0635\u0631 \u0628\u0644\u0627\u0632\u0627 &#8211; \u0639\u0648\u062f \u0645\u064a\u062b\u0627\u0621<br \/>\n\u062f\u0628\u064a\u060c \u0627\u0644\u0625\u0645\u0627\u0631\u0627\u062a \u0627\u0644\u0639\u0631\u0628\u064a\u0651\u0629 \u0627\u0644\u0645\u062a\u062d\u062f\u0629<br \/>\n\u0635\u0646\u062f\u0648\u0642 \u0627\u0644\u0628\u0631\u064a\u062f 502104 \u2013 DXB<br \/>\n\u0647\u0627\u062a\u0641: 00 971 4 3573603<br \/>\n\u0641\u0627\u0643\u0633: 00 971 4 3573604<br \/>\n\u0628\u0631\u064a\u062f \u0625\u0644\u0643\u062a\u0631\u0648\u0646\u064a: <a href=\"mailto:info@culturecodubai.com\">info@culturecodubai.com<\/a><br \/>\n\u0645\u0648\u0642\u0639 \u0625\u0644\u0643\u062a\u0631\u0648\u0646\u064a: <a href=\"http:\/\/www.culturecodubai.com\" target=\"_blank\" rel=\"noopener noreferrer\">www.culturecodubai.com<\/a><\/p>\n<p style=\"font-size: 15px; font-style: normal; font-weight: 400;\">\u0627\u0644\u0623\u0631\u062f\u0646<br \/>\nBookSource<br \/>\n\u0634\u0627\u0631\u0639 \u0639\u062a\u0628\u0647 \u0628\u0646 \u063a\u0632\u0648\u0627\u0646 &#8211; \u062e\u0644\u062f\u0627<br \/>\n\u0645\u0628\u0646\u0649 \u0631\u0642\u0645 23 \u2013 \u0627\u0644\u0637\u0627\u0628\u0642 \u0627\u0644\u0623\u0648\u0651\u0644<br \/>\n\u0635\u0646\u062f\u0648\u0642 \u0627\u0644\u0628\u0631\u064a\u062f: 2894<br \/>\n\u0639\u0645\u0627\u0646 11821\u060c \u0627\u0644\u0623\u0631\u062f\u0646<br \/>\n\u0647\u0627\u062a\u0641: 00 962 6 5378 070<br \/>\n\u0641\u0627\u0643\u0633: 00 962 6 5378 077<br \/>\n\u0628\u0631\u064a\u062f \u0625\u0644\u0643\u062a\u0631\u0648\u0646\u064a: <a href=\"mailto:aldalo@booksource-jo.com\">aldalo@booksource-jo.com<\/a><\/p>\n<p>\u0642\u0637\u0631<br \/>\nSamarkand<br \/>\n\u0634\u0627\u0631\u0639 \u0643\u0646\u0627\u0631\u064a \u0631\u0642\u0645 690<br \/>\n\u0635\u0646\u062f\u0648\u0642 \u0627\u0644\u0628\u0631\u064a\u062f 1007<br \/>\n\u0645\u0639\u064a\u0630\u0631 \u0627\u0644\u0634\u0645\u0627\u0644\u064a<br \/>\n\u0627\u0644\u062f\u0648\u062d\u0629\u060c \u0642\u0637\u0631<br \/>\n\u0647\u0627\u062a\u0641: 00 974 50068983<br \/>\n\u0628\u0631\u064a\u062f \u0625\u0644\u0643\u062a\u0631\u0648\u0646\u064a: <a href=\"mailto:education@samarkandtrade.com\">education@samarkandtrade.com<\/a><\/p>\n<p>\u0627\u0644\u0645\u0645\u0644\u0643\u0629 \u0627\u0644\u0639\u0631\u0628\u064a\u0629 \u0627\u0644\u0633\u0639\u0648\u062f\u064a\u0629<br \/>\n<b>Dar Al Warrak<br \/>\n<\/b>\u0627\u0644\u0634\u0627\u0631\u0639 \u0627\u0644\u0631\u0626\u064a\u0633\u064a \u0645\u0628\u0646\u0649 \u0631\u0642\u0645 184\u060c \u0627\u0644\u0637\u0627\u0628\u0642 \u0627\u0644\u0633\u0627\u062f\u0633<br \/>\n\u0645\u0643\u062a\u0628 \u0631\u0642\u0645 52<br \/>\n\u0631\u064a\u0627\u0636\u060c \u0627\u0644\u0639\u0644\u064a\u0627<br \/>\n\u0635\u0646\u062f\u0648\u0642 \u0627\u0644\u0628\u0631\u064a\u062f 295080 \u0631\u064a\u0627\u0636 11351<br \/>\n\u0647\u0627\u062a\u0641: 00 966 114622516<br \/>\n\u0628\u0631\u064a\u062f \u0625\u0644\u0643\u062a\u0631\u0648\u0646\u064a:\u00a0<a href=\"mailto:m.sibaie@daralwarrak.com\">m.sibaie@daralwarrak.com<\/a><\/p>\n<p><strong>\u0645\u0645\u0644\u0643\u0629 \u0627\u0644\u0628\u062d\u0631\u064a\u0646<\/strong><br \/>\n<strong>Elmia Bookstores<\/strong><br \/>\n\u0635\u0646\u062f\u0648\u0642 \u0627\u0644\u0628\u0631\u064a\u062f: 80090 \u0633\u0646\u062f<br \/>\n\u0645\u0645\u0644\u0643\u0629 \u0627\u0644\u0628\u062d\u0631\u064a\u0646<br \/>\n\u0647\u0627\u062a\u0641: 00 973 17786300<br \/>\n\u0641\u0627\u0643\u0633: 00 973 217784842<br \/>\n\u0628\u0631\u064a\u062f \u0625\u0644\u0643\u062a\u0631\u0648\u0646\u064a: <a href=\"mailto:juley@elmia-gcc.com\">juley@elmia-gcc.com<\/a><br \/>\n\u0645\u0648\u0642\u0639 \u0625\u0644\u0643\u062a\u0631\u0648\u0646\u064a:\u00a0<a href=\"http:\/\/www.culturecodubai.com\" target=\"_blank\" rel=\"noopener noreferrer\">www.elmia-gcc.com<\/a><\/p>\n<p><strong>\u0633\u0648\u0631\u064a\u0627<\/strong><br \/>\n<strong>Librarie Chachati<\/strong><br \/>\n\u0635\u0646\u062f\u0648\u0642 \u0627\u0644\u0628\u0631\u064a\u062f: 7650<br \/>\n\u0627\u0644\u0634\u0639\u0644\u0627\u0646 \u2013 \u062f\u0645\u0634\u0642\u060c \u0633\u0648\u0631\u064a\u0627<br \/>\n\u0647\u0627\u062a\u0641: 00 963 11 333 11 43<br \/>\n\u0641\u0627\u0643\u0633: 00 963 11 663 19 66<br \/>\n\u0628\u0631\u064a\u062f \u0625\u0644\u0643\u062a\u0631\u0648\u0646\u064a: <a href=\"mailto:rafouleh@icloud.com\">rafouleh@icloud.com<\/a>, <a href=\"mailto:rrchacha12@hotmail.com\">rrchacha12@hotmail.com<\/a><\/p>\n<p><strong>\u062a\u0648\u0646\u0633<\/strong><br \/>\n<strong>Clairefontaine SA<\/strong><br \/>\n\u0646\u0634\u0631- \u0625\u0635\u062f\u0627\u0631- \u062a\u0648\u0632\u064a\u0639<br \/>\n\u0627\u0644\u0645\u0642\u0631 \u0627\u0644\u0631\u0626\u064a\u0633\u064a: 4 \u0634\u0627\u0631\u0639 \u0627\u0644\u062c\u0632\u0627\u0626\u0631\u060c 1000 \u062a\u0648\u0646\u0633\u060c \u062a\u0648\u0646\u0633<br \/>\n\u062e\u062f\u0645\u0627\u062a \u0625\u062f\u0627\u0631\u064a\u0629 \u0648\u062a\u062c\u0627\u0631\u064a\u0629<br \/>\n38 \u062c\u0627\u062f\u0629 \u0627\u062a\u062d\u0627\u062f \u0627\u0644\u0645\u063a\u0631\u0628 \u0627\u0644\u0639\u0631\u0628\u064a\u060c 2036 \u0633\u0643\u0631\u0629\u060c \u062a\u0648\u0646\u0633<br \/>\n\u0647\u0627\u062a\u0641: 00 216 71940601\u2013 00 216 31584492\u2013 00 216 22811850<br \/>\n\u0641\u0627\u0643\u0633: 00 216 32401409<br \/>\n\u0628\u0631\u064a\u062f \u0625\u0644\u0643\u062a\u0631\u0648\u0646\u064a: <a href=\"mailto:contact@clairefontaine.com.tn\">contact@clairefontaine.com.tn<\/a><\/p>\n<p><strong>\u062a\u0631\u0643\u064a\u0627<\/strong><br \/>\n<strong>Akdemistanbul Egitim Yayincilik ve Danis<\/strong><br \/>\nAksemsettin Mh. Akdeniz Cd<br \/>\n\u0631\u0642\u0645 99- 101 \u0641\u0627\u062a\u062d<br \/>\n\u0627\u0633\u0637\u0646\u0628\u0648\u0644\u060c \u062a\u0631\u0643\u064a\u0627<br \/>\n\u0647\u0627\u062a\u0641 \/ \u0641\u0627\u0643\u0633: 00 902 125219754<br \/>\n\u0628\u0631\u064a\u062f \u0625\u0644\u0643\u062a\u0631\u0648\u0646\u064a: <a href=\"mailto:muhammed.agirakca@akdemistanbul.com.tr\">muhammed.agirakca@akdemistanbul.com.tr<\/a><br \/>\n\u0645\u0648\u0642\u0639 \u0625\u0644\u0643\u062a\u0631\u0648\u0646\u064a: <a href=\"http:\/\/www.akdemyayinlari.com\" target=\"_blank\" rel=\"noopener noreferrer\">www.akdemyayinlari.com<\/a><\/p>\n","protected":false},"excerpt":{"rendered":"<p>\u0627\u0644\u062c\u0632\u0627\u0626\u0631 SEDIA &#8211; Soci\u00e9t\u00e9 d&#8217;Edition et de Diffusion Internationale Alg\u00e9rienne \u062d\u064a \u0627\u0644\u0645\u0646\u062f\u0631\u064a\u0646\u060c \u0642\u0637\u0639\u0629 293\u060c \u0627\u0644\u0645\u062d\u0645\u062f\u064a\u0629\u060c \u0627\u0644\u062c\u0632\u0627\u0626\u0631 \u0647\u0627\u062a\u0641: 00 213 770 973 861 \u0641\u0627\u0643\u0633: 00 213 21 219 016 \u0628\u0631\u064a\u062f \u0625\u0644\u0643\u062a\u0631\u0648\u0646\u064a: aaziez@sedia-dz.com \u0645\u0648\u0642\u0639 \u0625\u0644\u0643\u062a\u0631\u0648\u0646\u064a: www.sedia-dz.com \u0645\u0635\u0631 Les Amis du Livre 27 \u0634\u0627\u0631\u0639 \u0628\u0631\u0643\u0629 \u0627\u0644\u0631\u0637\u0644 \u0627\u0644\u0636\u0627\u0647\u0631 \u0635\u0646\u062f\u0648\u0642 \u0627\u0644\u0628\u0631\u064a\u062f 311 \u0645\u0635\u0631 \u0627\u0644\u062c\u062f\u064a\u062f\u0629\u060c \u0627\u0644\u0642\u0627\u0647\u0631\u0629\u060c \u0645\u0635\u0631 \u0647\u0627\u062a\u0641: 00 20 2 [&hellip;]<\/p>\n","protected":false},"author":1,"featured_media":0,"parent":0,"menu_order":0,"comment_status":"closed","ping_status":"closed","template":"","meta":{"footnotes":""},"pagetype":[],"class_list":["post-13299","page","type-page","status-publish","hentry"],"yoast_head":"<!-- This site is optimized with the Yoast SEO plugin v27.3 - https:\/\/yoast.com\/product\/yoast-seo-wordpress\/ -->\n<title>\u0627\u0644\u0645\u0648\u0632\u0651\u0650\u0639\u0648\u0646 - Hachette Antoine Education<\/title>\n<meta name=\"robots\" content=\"index, follow, max-snippet:-1, max-image-preview:large, max-video-preview:-1\" \/>\n<link rel=\"canonical\" href=\"https:\/\/education.hachette-antoine.com\/ar\/%d8%a7%d9%84%d9%85%d9%88%d8%b2%d9%91%d9%90%d8%b9%d9%88%d9%86\/\" \/>\n<meta property=\"og:locale\" content=\"ar_AR\" \/>\n<meta property=\"og:type\" content=\"article\" \/>\n<meta property=\"og:title\" content=\"\u0627\u0644\u0645\u0648\u0632\u0651\u0650\u0639\u0648\u0646 - Hachette Antoine Education\" \/>\n<meta property=\"og:description\" content=\"\u0627\u0644\u062c\u0632\u0627\u0626\u0631 SEDIA &#8211; Soci\u00e9t\u00e9 d&#8217;Edition et de Diffusion Internationale Alg\u00e9rienne \u062d\u064a \u0627\u0644\u0645\u0646\u062f\u0631\u064a\u0646\u060c \u0642\u0637\u0639\u0629 293\u060c \u0627\u0644\u0645\u062d\u0645\u062f\u064a\u0629\u060c \u0627\u0644\u062c\u0632\u0627\u0626\u0631 \u0647\u0627\u062a\u0641: 00 213 770 973 861 \u0641\u0627\u0643\u0633: 00 213 21 219 016 \u0628\u0631\u064a\u062f \u0625\u0644\u0643\u062a\u0631\u0648\u0646\u064a: aaziez@sedia-dz.com \u0645\u0648\u0642\u0639 \u0625\u0644\u0643\u062a\u0631\u0648\u0646\u064a: www.sedia-dz.com \u0645\u0635\u0631 Les Amis du Livre 27 \u0634\u0627\u0631\u0639 \u0628\u0631\u0643\u0629 \u0627\u0644\u0631\u0637\u0644 \u0627\u0644\u0636\u0627\u0647\u0631 \u0635\u0646\u062f\u0648\u0642 \u0627\u0644\u0628\u0631\u064a\u062f 311 \u0645\u0635\u0631 \u0627\u0644\u062c\u062f\u064a\u062f\u0629\u060c \u0627\u0644\u0642\u0627\u0647\u0631\u0629\u060c \u0645\u0635\u0631 \u0647\u0627\u062a\u0641: 00 20 2 [&hellip;]\" \/>\n<meta property=\"og:url\" content=\"https:\/\/education.hachette-antoine.com\/ar\/%d8%a7%d9%84%d9%85%d9%88%d8%b2%d9%91%d9%90%d8%b9%d9%88%d9%86\/\" \/>\n<meta property=\"og:site_name\" content=\"Hachette Antoine Education\" \/>\n<meta property=\"article:modified_time\" content=\"2020-07-30T16:03:29+00:00\" \/>\n<meta name=\"twitter:card\" content=\"summary_large_image\" \/>\n<script type=\"application\/ld+json\" class=\"yoast-schema-graph\">{\"@context\":\"https:\\\/\\\/schema.org\",\"@graph\":[{\"@type\":\"WebPage\",\"@id\":\"https:\\\/\\\/education.hachette-antoine.com\\\/ar\\\/%d8%a7%d9%84%d9%85%d9%88%d8%b2%d9%91%d9%90%d8%b9%d9%88%d9%86\\\/\",\"url\":\"https:\\\/\\\/education.hachette-antoine.com\\\/ar\\\/%d8%a7%d9%84%d9%85%d9%88%d8%b2%d9%91%d9%90%d8%b9%d9%88%d9%86\\\/\",\"name\":\"\u0627\u0644\u0645\u0648\u0632\u0651\u0650\u0639\u0648\u0646 - Hachette Antoine Education\",\"isPartOf\":{\"@id\":\"https:\\\/\\\/education.hachette-antoine.com\\\/ar\\\/#website\"},\"datePublished\":\"2020-07-30T16:03:28+00:00\",\"dateModified\":\"2020-07-30T16:03:29+00:00\",\"inLanguage\":\"ar\",\"potentialAction\":[{\"@type\":\"ReadAction\",\"target\":[\"https:\\\/\\\/education.hachette-antoine.com\\\/ar\\\/%d8%a7%d9%84%d9%85%d9%88%d8%b2%d9%91%d9%90%d8%b9%d9%88%d9%86\\\/\"]}]},{\"@type\":\"WebSite\",\"@id\":\"https:\\\/\\\/education.hachette-antoine.com\\\/ar\\\/#website\",\"url\":\"https:\\\/\\\/education.hachette-antoine.com\\\/ar\\\/\",\"name\":\"Hachette Antoine Education\",\"description\":\"\",\"publisher\":{\"@id\":\"https:\\\/\\\/education.hachette-antoine.com\\\/ar\\\/#organization\"},\"potentialAction\":[{\"@type\":\"SearchAction\",\"target\":{\"@type\":\"EntryPoint\",\"urlTemplate\":\"https:\\\/\\\/education.hachette-antoine.com\\\/ar\\\/?s={search_term_string}\"},\"query-input\":{\"@type\":\"PropertyValueSpecification\",\"valueRequired\":true,\"valueName\":\"search_term_string\"}}],\"inLanguage\":\"ar\"},{\"@type\":\"Organization\",\"@id\":\"https:\\\/\\\/education.hachette-antoine.com\\\/ar\\\/#organization\",\"name\":\"Hachette Antoine Education\",\"url\":\"https:\\\/\\\/education.hachette-antoine.com\\\/ar\\\/\",\"logo\":{\"@type\":\"ImageObject\",\"inLanguage\":\"ar\",\"@id\":\"https:\\\/\\\/education.hachette-antoine.com\\\/ar\\\/#\\\/schema\\\/logo\\\/image\\\/\",\"url\":\"https:\\\/\\\/education.hachette-antoine.com\\\/wp-content\\\/uploads\\\/2020\\\/06\\\/HAEd2-ar.svg\",\"contentUrl\":\"https:\\\/\\\/education.hachette-antoine.com\\\/wp-content\\\/uploads\\\/2020\\\/06\\\/HAEd2-ar.svg\",\"caption\":\"Hachette Antoine Education\"},\"image\":{\"@id\":\"https:\\\/\\\/education.hachette-antoine.com\\\/ar\\\/#\\\/schema\\\/logo\\\/image\\\/\"}}]}<\/script>\n<!-- \/ Yoast SEO plugin. -->","yoast_head_json":{"title":"\u0627\u0644\u0645\u0648\u0632\u0651\u0650\u0639\u0648\u0646 - Hachette Antoine Education","robots":{"index":"index","follow":"follow","max-snippet":"max-snippet:-1","max-image-preview":"max-image-preview:large","max-video-preview":"max-video-preview:-1"},"canonical":"https:\/\/education.hachette-antoine.com\/ar\/%d8%a7%d9%84%d9%85%d9%88%d8%b2%d9%91%d9%90%d8%b9%d9%88%d9%86\/","og_locale":"ar_AR","og_type":"article","og_title":"\u0627\u0644\u0645\u0648\u0632\u0651\u0650\u0639\u0648\u0646 - Hachette Antoine Education","og_description":"\u0627\u0644\u062c\u0632\u0627\u0626\u0631 SEDIA &#8211; Soci\u00e9t\u00e9 d&#8217;Edition et de Diffusion Internationale Alg\u00e9rienne \u062d\u064a \u0627\u0644\u0645\u0646\u062f\u0631\u064a\u0646\u060c \u0642\u0637\u0639\u0629 293\u060c \u0627\u0644\u0645\u062d\u0645\u062f\u064a\u0629\u060c \u0627\u0644\u062c\u0632\u0627\u0626\u0631 \u0647\u0627\u062a\u0641: 00 213 770 973 861 \u0641\u0627\u0643\u0633: 00 213 21 219 016 \u0628\u0631\u064a\u062f \u0625\u0644\u0643\u062a\u0631\u0648\u0646\u064a: aaziez@sedia-dz.com \u0645\u0648\u0642\u0639 \u0625\u0644\u0643\u062a\u0631\u0648\u0646\u064a: www.sedia-dz.com \u0645\u0635\u0631 Les Amis du Livre 27 \u0634\u0627\u0631\u0639 \u0628\u0631\u0643\u0629 \u0627\u0644\u0631\u0637\u0644 \u0627\u0644\u0636\u0627\u0647\u0631 \u0635\u0646\u062f\u0648\u0642 \u0627\u0644\u0628\u0631\u064a\u062f 311 \u0645\u0635\u0631 \u0627\u0644\u062c\u062f\u064a\u062f\u0629\u060c \u0627\u0644\u0642\u0627\u0647\u0631\u0629\u060c \u0645\u0635\u0631 \u0647\u0627\u062a\u0641: 00 20 2 [&hellip;]","og_url":"https:\/\/education.hachette-antoine.com\/ar\/%d8%a7%d9%84%d9%85%d9%88%d8%b2%d9%91%d9%90%d8%b9%d9%88%d9%86\/","og_site_name":"Hachette Antoine Education","article_modified_time":"2020-07-30T16:03:29+00:00","twitter_card":"summary_large_image","schema":{"@context":"https:\/\/schema.org","@graph":[{"@type":"WebPage","@id":"https:\/\/education.hachette-antoine.com\/ar\/%d8%a7%d9%84%d9%85%d9%88%d8%b2%d9%91%d9%90%d8%b9%d9%88%d9%86\/","url":"https:\/\/education.hachette-antoine.com\/ar\/%d8%a7%d9%84%d9%85%d9%88%d8%b2%d9%91%d9%90%d8%b9%d9%88%d9%86\/","name":"\u0627\u0644\u0645\u0648\u0632\u0651\u0650\u0639\u0648\u0646 - Hachette Antoine Education","isPartOf":{"@id":"https:\/\/education.hachette-antoine.com\/ar\/#website"},"datePublished":"2020-07-30T16:03:28+00:00","dateModified":"2020-07-30T16:03:29+00:00","inLanguage":"ar","potentialAction":[{"@type":"ReadAction","target":["https:\/\/education.hachette-antoine.com\/ar\/%d8%a7%d9%84%d9%85%d9%88%d8%b2%d9%91%d9%90%d8%b9%d9%88%d9%86\/"]}]},{"@type":"WebSite","@id":"https:\/\/education.hachette-antoine.com\/ar\/#website","url":"https:\/\/education.hachette-antoine.com\/ar\/","name":"Hachette Antoine Education","description":"","publisher":{"@id":"https:\/\/education.hachette-antoine.com\/ar\/#organization"},"potentialAction":[{"@type":"SearchAction","target":{"@type":"EntryPoint","urlTemplate":"https:\/\/education.hachette-antoine.com\/ar\/?s={search_term_string}"},"query-input":{"@type":"PropertyValueSpecification","valueRequired":true,"valueName":"search_term_string"}}],"inLanguage":"ar"},{"@type":"Organization","@id":"https:\/\/education.hachette-antoine.com\/ar\/#organization","name":"Hachette Antoine Education","url":"https:\/\/education.hachette-antoine.com\/ar\/","logo":{"@type":"ImageObject","inLanguage":"ar","@id":"https:\/\/education.hachette-antoine.com\/ar\/#\/schema\/logo\/image\/","url":"https:\/\/education.hachette-antoine.com\/wp-content\/uploads\/2020\/06\/HAEd2-ar.svg","contentUrl":"https:\/\/education.hachette-antoine.com\/wp-content\/uploads\/2020\/06\/HAEd2-ar.svg","caption":"Hachette Antoine Education"},"image":{"@id":"https:\/\/education.hachette-antoine.com\/ar\/#\/schema\/logo\/image\/"}}]}},"_links":{"self":[{"href":"https:\/\/education.hachette-antoine.com\/ar\/wp-json\/wp\/v2\/pages\/13299","targetHints":{"allow":["GET"]}}],"collection":[{"href":"https:\/\/education.hachette-antoine.com\/ar\/wp-json\/wp\/v2\/pages"}],"about":[{"href":"https:\/\/education.hachette-antoine.com\/ar\/wp-json\/wp\/v2\/types\/page"}],"author":[{"embeddable":true,"href":"https:\/\/education.hachette-antoine.com\/ar\/wp-json\/wp\/v2\/users\/1"}],"replies":[{"embeddable":true,"href":"https:\/\/education.hachette-antoine.com\/ar\/wp-json\/wp\/v2\/comments?post=13299"}],"version-history":[{"count":1,"href":"https:\/\/education.hachette-antoine.com\/ar\/wp-json\/wp\/v2\/pages\/13299\/revisions"}],"predecessor-version":[{"id":13300,"href":"https:\/\/education.hachette-antoine.com\/ar\/wp-json\/wp\/v2\/pages\/13299\/revisions\/13300"}],"wp:attachment":[{"href":"https:\/\/education.hachette-antoine.com\/ar\/wp-json\/wp\/v2\/media?parent=13299"}],"wp:term":[{"taxonomy":"pagetype","embeddable":true,"href":"https:\/\/education.hachette-antoine.com\/ar\/wp-json\/wp\/v2\/pagetype?post=13299"}],"curies":[{"name":"wp","href":"https:\/\/api.w.org\/{rel}","templated":true}]}}